{"id":3988,"date":"2021-02-11T04:53:43","date_gmt":"2021-02-11T04:53:43","guid":{"rendered":"https:\/\/demo.themexbd.com\/wpt\/logonit\/web-development"},"modified":"2022-06-29T04:56:02","modified_gmt":"2022-06-29T04:56:02","slug":"web-development","status":"publish","type":"page","link":"https:\/\/sybox-it.com\/en\/web-development\/","title":{"rendered":"Staff Augmentation"},"content":{"rendered":"<div data-elementor-type=\"wp-page\" data-elementor-id=\"3988\" class=\"elementor elementor-3988\" data-elementor-settings=\"{&quot;ha_cmc_init_switcher&quot;:&quot;no&quot;}\">\n\t\t\t\t\t\t<section class=\"elementor-section elementor-top-section elementor-element elementor-element-a9e9362 elementor-section-boxed elementor-section-height-default elementor-section-height-default\" data-id=\"a9e9362\" data-element_type=\"section\" data-e-type=\"section\" data-settings=\"{&quot;_ha_eqh_enable&quot;:false}\">\n\t\t\t\t\t\t<div class=\"elementor-container elementor-column-gap-default\">\n\t\t\t\t\t<div class=\"elementor-column elementor-col-100 elementor-top-column elementor-element elementor-element-c415ced\" data-id=\"c415ced\" data-element_type=\"column\" data-e-type=\"column\">\n\t\t\t<div class=\"elementor-widget-wrap elementor-element-populated\">\n\t\t\t\t\t\t<section class=\"elementor-section elementor-inner-section elementor-element elementor-element-d91c6b6 elementor-section-boxed elementor-section-height-default elementor-section-height-default\" data-id=\"d91c6b6\" data-element_type=\"section\" data-e-type=\"section\" data-settings=\"{&quot;_ha_eqh_enable&quot;:false}\">\n\t\t\t\t\t\t<div class=\"elementor-container elementor-column-gap-default\">\n\t\t\t\t\t<div class=\"elementor-column elementor-col-50 elementor-inner-column elementor-element elementor-element-22b0ea7\" data-id=\"22b0ea7\" data-element_type=\"column\" data-e-type=\"column\">\n\t\t\t<div class=\"elementor-widget-wrap elementor-element-populated\">\n\t\t\t\t\t\t<div class=\"elementor-element elementor-element-85e6fbf elementor-widget elementor-widget-witr_section_title\" data-id=\"85e6fbf\" data-element_type=\"widget\" data-e-type=\"widget\" data-widget_type=\"witr_section_title.default\">\n\t\t\t\t<div class=\"elementor-widget-container\">\n\t\t\t\t\t\t\t\t\t\t<!-- title left -->\n\t\t\t\t\t<div class=\"witr_section_title\">\n\t\t\t\t\t\t<div class=\"witr_section_title_inner text-left\">\n\t\t\t\t\t\t\n\t\t\t\t\t\t\t<!-- icon position -->\n\t\t\t\t\t\t\t\t\n\t\t\t\t\t\t\t<!-- end icon position -->\n\t\t\t\t\t\t\n\t\t\t\t\t\t\n\t\t\t\t\t\t\t<!-- title top -->\n\t\t\t\t\t\t\t\t\t\t\t\t\t\t\t<h2>STAFF AUGMENTATION<\/h2>\t\t\n\t\t\t\t\t\t\t\n\t\t\t\t\t\t\t<!-- icon position -->\n\t\t\t\t\t\t\t\t\n\t\t\t\t\t\t\t<!-- end icon position -->\n\n\t\t\t\t\t\t\t\n\t\t\t\t\t\t\t<!-- title middle -->\n\t\t\t\t\t\t\t\t\t\t\t\t\t\t\t<h3>Identific\u00e1 los mejores candidatos<br\/>de IT gracias al conocimiento de<br\/>nuestro equipo<\/h3>\t\t\n\t\t\t\t\t\t\t\t\t\t\t\t\t\t<!-- title bottom -->\n\t\t\t\t\t\t\t\t\t\t\t\t\t\t\n\t\t\t\t\t\t\t<!-- icon position -->\n\t\t\t\t\t\t\t\t\t\t\t\t\t\t\n\t\t\t\t\t\t\t<!-- image -->\n\t\t\t\t\t\t\t\t\t\t\t\t\t\t<!-- icon -->\n\t\t\t\t\t\t\t\t\t\t\t\t\t\t\n\t\t\t\t\t\t\t<!-- bar -->\n\t\t\t\t\t\t\t\t\t\t\t\t\t\t<!-- circle bar -->\n\t\t\t\t\t\t\t\t\t\t\t\t\t\t\n\t\t\t\t\t\t\t\t<div class=\"witr_bar_main\">\n\t\t\t\t\t\t\t\t\t<div class=\"witr_bar_inner witr_bar_innerc\">\n\t\t\t\t\t\t\t\t\t<\/div>\n\t\t\t\t\t\t\t\t<\/div>\n\t\t\t\t\t\t\t\t\t\t\t\t\t\t\n\t\t\t\t\t\t\t\t\n\t\t\t\t\t\t\t<!-- end icon position -->\n\n\t\t\t\t\t\t\t<!-- content -->\n\t\t\t\t\t\t\t\t\t\t\t\t\t\t\t<p>Los proyectos de tecnolog\u00eda dentro de una empresa necesitan de profesionales capacitados para llevarlos a cabo. A veces, la tarea de reclutamiento puede requerir mucho esfuerzo y quitar mucho tiempo de productividad.  Es por eso que en Sybox utilizamos el proceso de staffing que nos permite definir el perfil que se necesita y seleccionar a los candidatos ideales a realizar el proyecto determinado por el cliente. Adem\u00e1s del reclutamiento y selecci\u00f3n, se lleva a cabo la administraci\u00f3n del personal. <\/p>\t\t\n\t\t\t\t\t\t\t\t\t\t\t\t\t<\/div>\n\t\t\t\t\t\t\t<!-- inner title -->\n\t\t\t\t\t\t\t\t\t\t\t\t\t\n\t\t\t\t\t<\/div>\t\t\t\t\n\t\t\t\t\t\t\t\t<\/div>\n\t\t\t\t<\/div>\n\t\t\t\t\t<\/div>\n\t\t<\/div>\n\t\t\t\t<div class=\"elementor-column elementor-col-50 elementor-inner-column elementor-element elementor-element-5a0ce50\" data-id=\"5a0ce50\" data-element_type=\"column\" data-e-type=\"column\">\n\t\t\t<div class=\"elementor-widget-wrap elementor-element-populated\">\n\t\t\t\t\t\t<div class=\"elementor-element elementor-element-91d11e6 themex-star-rating--align-center themex-star-rating--align-center elementor-invisible elementor-widget elementor-widget-witr_section_button\" data-id=\"91d11e6\" data-element_type=\"widget\" data-e-type=\"widget\" data-settings=\"{&quot;_animation&quot;:&quot;fadeInRight&quot;}\" data-widget_type=\"witr_section_button.default\">\n\t\t\t\t<div class=\"elementor-widget-container\">\n\t\t\t\t\t<!-- area -->\n\t\t\t<div class=\"witr_button_area\">\n\n\t\t\t\t\t\t\t\t<!--  post meta -->\n\n\n\t\t\t\t\t\t\t\t\t<!-- btn default style -->\n\t\t\t\t\t<div class=\"witr_btn_style mr\">\n\t\t\t\t\t\t<div class=\"witr_btn_sinner\">\t\n\t\t\t\t\t\t\n\t\t\t\t\t\t\t\t\t\t\t\t\t\t\t\t\t\t\t\t\t\t\t\t\t\t<a href=\"#\" class=\"witr_btn\">Contactate\t\t\t\t\t\t\t\t\t\t\t<!-- icon -->\n\t\t\t\t\t\t\t\t\t\t\t\t\t\t\t\t\t\t\t\t\t\t\t\t\t\t\t\t\t\t\t\t\t\t\t\t<div class=\"pluse_btn_icon\">\n\t\t\t\t\t\t\t\t\t\t\t\t\t\t<span class=\"fas fa-arrow-right\"><\/span>\n\t\t\t\t\t\t\t\t\t\t\t\t\t<\/div>\t\n\t\t\t\t\t\t\t\t\t\t\t\t\t\t\t\t\t\t\t\t\t\t\t\n\t\t\t\t\t\t\t\t\t\t\t\t\t\t\t\t\t\t\t\t\t\t\n\t\t\t\t\t\t\t\t\t\t<\/a>\n\t\t\t\t\t\t\t\t\t\t\t\t\t\t\t\t\t\t\t\n\t\t\t\t\t\t\t\t\t\t\t\t\t\t\t\t\n\t\t\t\t\t\t\t\t\t\t\t\t\t\t\t\t\t\t\t\t\t\t\t\t\t\t\t\t\t\n\t\t\t\t\t\t\t\t\t\t\t\t\t\t\t\n\t\t\t\t\t\t\n\t\t\t\t\t\t<\/div>\t\t\t\t\t\t\n\t\t\t\t\t<\/div>\n\t\t\t\t\t\t\n\t\t\t\n\n\n\n\t\t\t<\/div>\n<!-- end area -->\n  \n\n\t\t\t\t<\/div>\n\t\t\t\t<\/div>\n\t\t\t\t\t<\/div>\n\t\t<\/div>\n\t\t\t\t\t<\/div>\n\t\t<\/section>\n\t\t\t\t<section class=\"elementor-section elementor-inner-section elementor-element elementor-element-f68937e elementor-section-boxed elementor-section-height-default elementor-section-height-default\" data-id=\"f68937e\" data-element_type=\"section\" data-e-type=\"section\" data-settings=\"{&quot;_ha_eqh_enable&quot;:false}\">\n\t\t\t\t\t\t<div class=\"elementor-container elementor-column-gap-default\">\n\t\t\t\t\t<div class=\"elementor-column elementor-col-33 elementor-inner-column elementor-element elementor-element-0f1e8db\" data-id=\"0f1e8db\" data-element_type=\"column\" data-e-type=\"column\">\n\t\t\t<div class=\"elementor-widget-wrap elementor-element-populated\">\n\t\t\t\t\t\t<div class=\"elementor-element elementor-element-7c22060 themex-star-rating--align-center elementor-widget elementor-widget-witr_section_service2\" data-id=\"7c22060\" data-element_type=\"widget\" data-e-type=\"widget\" data-widget_type=\"witr_section_service2.default\">\n\t\t\t\t<div class=\"elementor-widget-container\">\n\t\t\t\t\t\t\n\t\n\t\t\t\t<div class=\"witr_service2_style4_s\">\n\t\t\t\t\t<div class=\"all_service2_color witr_service2_style4\">\n\t\t\t\t\t\t<!-- icon -->\n\t\t\t\t\t\t\t\t\t\t\n\t\t\t\t\t\t<!-- icon image -->\n\t\t\t\t\t\t\t\t\t\t\t\n\t\t\t\t\t\t<!-- custom icon -->\n\t\t\t\t\t\t\t\t\t\t\t\t\t<div class=\"witr_custom_icons\">\n\t\t\t\t\t\t\t\t\t\n\t\t\t\t\t\t\t\t\t<i class=\"icofont-stock-mobile\"><\/i>\n\t\t\t\t\t\t\t\t\t\t\t\t\t\t\t<\/div>\t\n\t\t\t\t\t\t\t\t\t\t\t\n\t\t\t\t\t\t<!-- title -->\n\t\t\t\t\t\t\t\t\t\t\t\t\t\t\t\t\t\t<h3>Disminuye los riesgos administrativos y legales<br\/>\u3164 <\/h3>\n\t\t\t\t\t\t\t\t\t\t\t\t\t\t\t\t\t\n\t\t\t\t\t\t<!-- content -->\n\t\t\t\t\t\t\n\t\t\t\t\t\t<div class=\"witr_button_s2\">\n\t\t\t\t\t\t\t<!-- button -->\n\t\t\t\t\t\t\t\t\n\t\t\t\t\t\t<\/div>\n\t\t\t\t\t<\/div>\n\n\t\t\t\t<\/div>\n\t\t\n\t\t\t\t\t\t<\/div>\n\t\t\t\t<\/div>\n\t\t\t\t<div class=\"elementor-element elementor-element-8e97e19 themex-star-rating--align-center elementor-widget elementor-widget-witr_section_service2\" data-id=\"8e97e19\" data-element_type=\"widget\" data-e-type=\"widget\" data-widget_type=\"witr_section_service2.default\">\n\t\t\t\t<div class=\"elementor-widget-container\">\n\t\t\t\t\t\t\n\t\n\t\t\t\t<div class=\"witr_service2_style4_s\">\n\t\t\t\t\t<div class=\"all_service2_color witr_service2_style4\">\n\t\t\t\t\t\t<!-- icon -->\n\t\t\t\t\t\t\t\t\t\t\n\t\t\t\t\t\t<!-- icon image -->\n\t\t\t\t\t\t\t\t\t\t\t\n\t\t\t\t\t\t<!-- custom icon -->\n\t\t\t\t\t\t\t\t\t\t\t\t\t<div class=\"witr_custom_icons\">\n\t\t\t\t\t\t\t\t\t\n\t\t\t\t\t\t\t\t\t<i class=\"icofont-bars\"><\/i>\n\t\t\t\t\t\t\t\t\t\t\t\t\t\t\t<\/div>\t\n\t\t\t\t\t\t\t\t\t\t\t\n\t\t\t\t\t\t<!-- title -->\n\t\t\t\t\t\t\t\t\t\t\t\t\t\t\t\t\t\t<h3>El \u00e1rea de recursos humanos puede centrarse en otras \u00e1reas internas de la empresa para mejorar el rendimiento de sus empleados <\/h3>\n\t\t\t\t\t\t\t\t\t\t\t\t\t\t\t\t\t\n\t\t\t\t\t\t<!-- content -->\n\t\t\t\t\t\t\n\t\t\t\t\t\t<div class=\"witr_button_s2\">\n\t\t\t\t\t\t\t<!-- button -->\n\t\t\t\t\t\t\t\t\n\t\t\t\t\t\t<\/div>\n\t\t\t\t\t<\/div>\n\n\t\t\t\t<\/div>\n\t\t\n\t\t\t\t\t\t<\/div>\n\t\t\t\t<\/div>\n\t\t\t\t\t<\/div>\n\t\t<\/div>\n\t\t\t\t<div class=\"elementor-column elementor-col-33 elementor-inner-column elementor-element elementor-element-34d5bb8\" data-id=\"34d5bb8\" data-element_type=\"column\" data-e-type=\"column\">\n\t\t\t<div class=\"elementor-widget-wrap elementor-element-populated\">\n\t\t\t\t\t\t<div class=\"elementor-element elementor-element-2bf32d2 themex-star-rating--align-center elementor-widget elementor-widget-witr_section_service2\" data-id=\"2bf32d2\" data-element_type=\"widget\" data-e-type=\"widget\" data-widget_type=\"witr_section_service2.default\">\n\t\t\t\t<div class=\"elementor-widget-container\">\n\t\t\t\t\t\t\n\t\n\t\t\t\t<div class=\"witr_service2_style4_s\">\n\t\t\t\t\t<div class=\"all_service2_color witr_service2_style4\">\n\t\t\t\t\t\t<!-- icon -->\n\t\t\t\t\t\t\t\t\t\t\n\t\t\t\t\t\t<!-- icon image -->\n\t\t\t\t\t\t\t\t\t\t\t\n\t\t\t\t\t\t<!-- custom icon -->\n\t\t\t\t\t\t\t\t\t\t\t\t\t<div class=\"witr_custom_icons\">\n\t\t\t\t\t\t\t\t\t\n\t\t\t\t\t\t\t\t\t<i class=\"icofont-monitor\"><\/i>\n\t\t\t\t\t\t\t\t\t\t\t\t\t\t\t<\/div>\t\n\t\t\t\t\t\t\t\t\t\t\t\n\t\t\t\t\t\t<!-- title -->\n\t\t\t\t\t\t\t\t\t\t\t\t\t\t\t\t\t\t<h3>Nos encargamos de cubrir al personal por vacaciones, enfermedades y licencias <\/h3>\n\t\t\t\t\t\t\t\t\t\t\t\t\t\t\t\t\t\n\t\t\t\t\t\t<!-- content -->\n\t\t\t\t\t\t\n\t\t\t\t\t\t<div class=\"witr_button_s2\">\n\t\t\t\t\t\t\t<!-- button -->\n\t\t\t\t\t\t\t\t\n\t\t\t\t\t\t<\/div>\n\t\t\t\t\t<\/div>\n\n\t\t\t\t<\/div>\n\t\t\n\t\t\t\t\t\t<\/div>\n\t\t\t\t<\/div>\n\t\t\t\t<div class=\"elementor-element elementor-element-287fbe6 themex-star-rating--align-center elementor-widget elementor-widget-witr_section_service2\" data-id=\"287fbe6\" data-element_type=\"widget\" data-e-type=\"widget\" data-widget_type=\"witr_section_service2.default\">\n\t\t\t\t<div class=\"elementor-widget-container\">\n\t\t\t\t\t\t\n\t\n\t\t\t\t<div class=\"witr_service2_style4_s\">\n\t\t\t\t\t<div class=\"all_service2_color witr_service2_style4\">\n\t\t\t\t\t\t<!-- icon -->\n\t\t\t\t\t\t\t\t\t\t\n\t\t\t\t\t\t<!-- icon image -->\n\t\t\t\t\t\t\t\t\t\t\t\n\t\t\t\t\t\t<!-- custom icon -->\n\t\t\t\t\t\t\t\t\t\t\t\t\t<div class=\"witr_custom_icons\">\n\t\t\t\t\t\t\t\t\t\n\t\t\t\t\t\t\t\t\t<i class=\"icofont-search-property\"><\/i>\n\t\t\t\t\t\t\t\t\t\t\t\t\t\t\t<\/div>\t\n\t\t\t\t\t\t\t\t\t\t\t\n\t\t\t\t\t\t<!-- title -->\n\t\t\t\t\t\t\t\t\t\t\t\t\t\t\t\t\t\t<h3>Las empresas se ahorran los tiempos y costos relacionados con el reclutamiento y la formaci\u00f3n del empleado <\/h3>\n\t\t\t\t\t\t\t\t\t\t\t\t\t\t\t\t\t\n\t\t\t\t\t\t<!-- content -->\n\t\t\t\t\t\t\t\t\t\t\t\t\t<p>\u3164 <\/p>\t\t\n\t\t\t\t\t\t\n\t\t\t\t\t\t<div class=\"witr_button_s2\">\n\t\t\t\t\t\t\t<!-- button -->\n\t\t\t\t\t\t\t\t\n\t\t\t\t\t\t<\/div>\n\t\t\t\t\t<\/div>\n\n\t\t\t\t<\/div>\n\t\t\n\t\t\t\t\t\t<\/div>\n\t\t\t\t<\/div>\n\t\t\t\t\t<\/div>\n\t\t<\/div>\n\t\t\t\t<div class=\"elementor-column elementor-col-33 elementor-inner-column elementor-element elementor-element-321d886\" data-id=\"321d886\" data-element_type=\"column\" data-e-type=\"column\">\n\t\t\t<div class=\"elementor-widget-wrap elementor-element-populated\">\n\t\t\t\t\t\t<div class=\"elementor-element elementor-element-d8073b8 themex-star-rating--align-center elementor-widget elementor-widget-witr_section_service2\" data-id=\"d8073b8\" data-element_type=\"widget\" data-e-type=\"widget\" data-widget_type=\"witr_section_service2.default\">\n\t\t\t\t<div class=\"elementor-widget-container\">\n\t\t\t\t\t\t\n\t\n\t\t\t\t<div class=\"witr_service2_style4_s\">\n\t\t\t\t\t<div class=\"all_service2_color witr_service2_style4\">\n\t\t\t\t\t\t<!-- icon -->\n\t\t\t\t\t\t\t\t\t\t\n\t\t\t\t\t\t<!-- icon image -->\n\t\t\t\t\t\t\t\t\t\t\t\n\t\t\t\t\t\t<!-- custom icon -->\n\t\t\t\t\t\t\t\t\t\t\t\t\t<div class=\"witr_custom_icons\">\n\t\t\t\t\t\t\t\t\t\n\t\t\t\t\t\t\t\t\t<i class=\"icofont-truck-loaded\"><\/i>\n\t\t\t\t\t\t\t\t\t\t\t\t\t\t\t<\/div>\t\n\t\t\t\t\t\t\t\t\t\t\t\n\t\t\t\t\t\t<!-- title -->\n\t\t\t\t\t\t\t\t\t\t\t\t\t\t\t\t\t\t<h3>Brindamos a los empleados el espacio de trabajo y los equipos <\/h3>\n\t\t\t\t\t\t\t\t\t\t\t\t\t\t\t\t\t\n\t\t\t\t\t\t<!-- content -->\n\t\t\t\t\t\t\n\t\t\t\t\t\t<div class=\"witr_button_s2\">\n\t\t\t\t\t\t\t<!-- button -->\n\t\t\t\t\t\t\t\t\n\t\t\t\t\t\t<\/div>\n\t\t\t\t\t<\/div>\n\n\t\t\t\t<\/div>\n\t\t\n\t\t\t\t\t\t<\/div>\n\t\t\t\t<\/div>\n\t\t\t\t<div class=\"elementor-element elementor-element-86738cd themex-star-rating--align-center elementor-widget elementor-widget-witr_section_service2\" data-id=\"86738cd\" data-element_type=\"widget\" data-e-type=\"widget\" data-widget_type=\"witr_section_service2.default\">\n\t\t\t\t<div class=\"elementor-widget-container\">\n\t\t\t\t\t\t\n\t\n\t\t\t\t<div class=\"witr_service2_style4_s\">\n\t\t\t\t\t<div class=\"all_service2_color witr_service2_style4\">\n\t\t\t\t\t\t<!-- icon -->\n\t\t\t\t\t\t\t\t\t\t\n\t\t\t\t\t\t<!-- icon image -->\n\t\t\t\t\t\t\t\t\t\t\t\n\t\t\t\t\t\t<!-- custom icon -->\n\t\t\t\t\t\t\t\t\t\t\t\t\t<div class=\"witr_custom_icons\">\n\t\t\t\t\t\t\t\t\t\n\t\t\t\t\t\t\t\t\t<i class=\"icofont-laptop-alt\"><\/i>\n\t\t\t\t\t\t\t\t\t\t\t\t\t\t\t<\/div>\t\n\t\t\t\t\t\t\t\t\t\t\t\n\t\t\t\t\t\t<!-- title -->\n\t\t\t\t\t\t\t\t\t\t\t\t\t\t\t\t\t\t<h3>El personal incorporado no trabaja en varios proyectos en simultaneo, sino exclusivamente en el de la empresa contratante <\/h3>\n\t\t\t\t\t\t\t\t\t\t\t\t\t\t\t\t\t\n\t\t\t\t\t\t<!-- content -->\n\t\t\t\t\t\t\n\t\t\t\t\t\t<div class=\"witr_button_s2\">\n\t\t\t\t\t\t\t<!-- button -->\n\t\t\t\t\t\t\t\t\n\t\t\t\t\t\t<\/div>\n\t\t\t\t\t<\/div>\n\n\t\t\t\t<\/div>\n\t\t\n\t\t\t\t\t\t<\/div>\n\t\t\t\t<\/div>\n\t\t\t\t\t<\/div>\n\t\t<\/div>\n\t\t\t\t\t<\/div>\n\t\t<\/section>\n\t\t\t\t\t<\/div>\n\t\t<\/div>\n\t\t\t\t\t<\/div>\n\t\t<\/section>\n\t\t\t\t<\/div>","protected":false},"excerpt":{"rendered":"<p>STAFF AUGMENTATION Identific\u00e1 los mejores candidatosde IT gracias al conocimiento denuestro equipo Los proyectos de tecnolog\u00eda dentro de una empresa necesitan de profesionales capacitados para llevarlos a cabo. A veces, la tarea de reclutamiento puede requerir mucho esfuerzo y quitar mucho tiempo de productividad. Es por eso que en Sybox utilizamos el proceso de staffing [&hellip;]<\/p>\n","protected":false},"author":1,"featured_media":0,"parent":0,"menu_order":0,"comment_status":"closed","ping_status":"closed","template":"template-home.php","meta":{"footnotes":""},"class_list":["post-3988","page","type-page","status-publish","hentry"],"_links":{"self":[{"href":"https:\/\/sybox-it.com\/en\/wp-json\/wp\/v2\/pages\/3988","targetHints":{"allow":["GET"]}}],"collection":[{"href":"https:\/\/sybox-it.com\/en\/wp-json\/wp\/v2\/pages"}],"about":[{"href":"https:\/\/sybox-it.com\/en\/wp-json\/wp\/v2\/types\/page"}],"author":[{"embeddable":true,"href":"https:\/\/sybox-it.com\/en\/wp-json\/wp\/v2\/users\/1"}],"replies":[{"embeddable":true,"href":"https:\/\/sybox-it.com\/en\/wp-json\/wp\/v2\/comments?post=3988"}],"version-history":[{"count":0,"href":"https:\/\/sybox-it.com\/en\/wp-json\/wp\/v2\/pages\/3988\/revisions"}],"wp:attachment":[{"href":"https:\/\/sybox-it.com\/en\/wp-json\/wp\/v2\/media?parent=3988"}],"curies":[{"name":"wp","href":"https:\/\/api.w.org\/{rel}","templated":true}]}}